{"id":2882,"date":"2021-02-09T18:39:10","date_gmt":"2021-02-09T18:39:10","guid":{"rendered":"https:\/\/cvne.com\/politica-ambiental-y-seguridad-alimentaria\/"},"modified":"2023-06-12T09:09:27","modified_gmt":"2023-06-12T09:09:27","slug":"environmental-and-food-safety-policy","status":"publish","type":"page","link":"https:\/\/cvne.com\/en\/environmental-and-food-safety-policy\/","title":{"rendered":"Social, Environmental and Food Safety Policy"},"content":{"rendered":"<p class=\"p1\">Bodegas CVNE, dedicated to the elaboration, aging, bottling and commercialisation of wines covered by the D.O.C. Rioja establishes a quality, ethical, environmental and food safety policy for its production centers:<\/p>\n<ul>\n<li><strong>Compa\u00f1\u00eda Vin\u00edcola del Norte de Espa\u00f1a<\/strong>, Haro (La Rioja)<\/li>\n<li><strong>Bodegas Vi\u00f1a Real<\/strong>, Laguardia (Rioja Alavesa).<\/li>\n<li><strong>Vi\u00f1edos del Contino<\/strong>,\u00a0 (Rioja Alavesa).<\/li>\n<\/ul>\n<p class=\"p1\">This policy focuses on the adoption of an Integrated Management System based on the BRCGS protocols (C.V.N.E. Haro and Vi\u00f1a Real) and ISO 14001:2015 (C.V.N.E. Haro, Vi\u00f1a Real and Vi\u00f1edos del Contino), protocols that involves, in its implementation and daily development, all the people who work in the company. In turn, it provides the system, for its efficient operation, with the necessary human, environmental, technical and economic resources that will ensure the production of the production of safe, legal, authentic and quality wines.<\/p>\n<p class=\"p1\">The basic principles on which the Company relies for the definition of this Policy are as follows:<\/p>\n<ul>\n<li>Ensure the satisfaction of interested parties, based on their needs, demands and expectations.<\/li>\n<li class=\"li1\">Comply with all legislation and regulations applicable to our <strong>wines<\/strong>, as well as other requirements that the company undertakes to comply with.<\/li>\n<li class=\"li1\">Comply with all legislation and regulations applicable to our <strong>employees<\/strong>, as well as other requirements that the company undertakes to comply with.<\/li>\n<li class=\"li1\">Sensitize and motivate all employees, according to their responsibilities and activities, within the framework of the Management System, reinforcing the basic values of the Policy and training them for the proper development of their work.<\/li>\n<li class=\"li1\">Assume the adoption of objectives and goals, progressing in a coordinated manner towards their achievement.<\/li>\n<li>Promote the minimization of environmental aspects linked to our activities to reduce GHG emissions, maintaining a commitment to continuous improvement in environmental performance.<\/li>\n<li class=\"li1\">To promote an attitude of sustainability towards the environment in the personnel, promoting the prevention of pollution as a global challenge, in whose solution it is necessary to combine all the efforts.<\/li>\n<li>Develop and continuously improve the Culture of the Quality and Food Safety plan.<\/li>\n<li class=\"li1\">Try to reduce or avoid the risk of intentional contamination of our food throughout the supply chain, establishing measures documented in our <strong>Food Defense<\/strong> and <strong>Fraud control plans<\/strong>.<\/li>\n<li>Advancing towards constant progress, through research projects, such as &#8220;Characterisation and selection of microbiota for long-aged wines&#8221;. Developed in the years 2018-2020 and co-financed with <strong>FEDER<\/strong> and<strong> Gobierno de la Rioja <\/strong>funds.\u00a0<img decoding=\"async\" class=\"alignnone wp-image-3984\" src=\"https:\/\/cvne.com\/wp-content\/uploads\/2021\/11\/FEDER-2014-2020.png\" alt=\"\" width=\"150\" height=\"40\" srcset=\"https:\/\/cvne.com\/wp-content\/uploads\/2021\/11\/FEDER-2014-2020.png 746w, https:\/\/cvne.com\/wp-content\/uploads\/2021\/11\/FEDER-2014-2020-300x79.png 300w, https:\/\/cvne.com\/wp-content\/uploads\/2021\/11\/FEDER-2014-2020-200x53.png 200w, https:\/\/cvne.com\/wp-content\/uploads\/2021\/11\/FEDER-2014-2020-340x90.png 340w, https:\/\/cvne.com\/wp-content\/uploads\/2021\/11\/FEDER-2014-2020-668x176.png 668w\" sizes=\"(max-width: 150px) 100vw, 150px\" \/><\/li>\n<\/ul>\n<p class=\"p1\">The management of the company is committed to implement and revise all the principles and pillars of this Policy, incorporating all the necessary improvements in periodic reviews, and ensures that all employees, suppliers and subcontractors know, understand and respect this Policy, making it public through talks and exposing it on bulletin boards, also being available to the general public.<\/p>\n","protected":false},"excerpt":{"rendered":"<p>Bodegas CVNE, dedicated to the elaboration, aging, bottling and commercialisation of wines covered by the D.O.C. Rioja establishes a quality, ethical, environmental and food safety policy for its production centers: Compa\u00f1\u00eda Vin\u00edcola del Norte de Espa\u00f1a, Haro (La Rioja) Bodegas Vi\u00f1a Real, Laguardia (Rioja Alavesa). Vi\u00f1edos del Contino,\u00a0 (Rioja Alavesa). This policy focuses on the [&hellip;]<\/p>\n","protected":false},"author":1,"featured_media":0,"parent":0,"menu_order":22,"comment_status":"closed","ping_status":"closed","template":"","meta":{"_acf_changed":false,"inline_featured_image":false,"footnotes":""},"class_list":["post-2882","page","type-page","status-publish","hentry"],"acf":[],"yoast_head":"<!-- This site is optimized with the Yoast SEO plugin v26.2 - https:\/\/yoast.com\/wordpress\/plugins\/seo\/ -->\n<title>Environment and food policy | CVNE<\/title>\n<meta name=\"description\" content=\"Environmental and food policy\" \/>\n<meta name=\"robots\" content=\"noindex, follow\" \/>\n<meta property=\"og:locale\" content=\"en_US\" \/>\n<meta property=\"og:type\" content=\"article\" \/>\n<meta property=\"og:title\" content=\"Environment and food policy | CVNE\" \/>\n<meta property=\"og:description\" content=\"Environmental and food policy\" \/>\n<meta property=\"og:url\" content=\"https:\/\/cvne.com\/en\/environmental-and-food-safety-policy\/\" \/>\n<meta property=\"og:site_name\" content=\"CVNE\" \/>\n<meta property=\"article:modified_time\" content=\"2023-06-12T09:09:27+00:00\" \/>\n<meta property=\"og:image\" content=\"https:\/\/cvne.com\/wp-content\/uploads\/2021\/11\/FEDER-2014-2020.png\" \/>\n<meta name=\"twitter:card\" content=\"summary_large_image\" \/>\n<meta name=\"twitter:label1\" content=\"Est. reading time\" \/>\n\t<meta name=\"twitter:data1\" content=\"3 minutes\" \/>\n<!-- \/ Yoast SEO plugin. -->","yoast_head_json":{"title":"Environment and food policy | CVNE","description":"Environmental and food policy","robots":{"index":"noindex","follow":"follow"},"og_locale":"en_US","og_type":"article","og_title":"Environment and food policy | CVNE","og_description":"Environmental and food policy","og_url":"https:\/\/cvne.com\/en\/environmental-and-food-safety-policy\/","og_site_name":"CVNE","article_modified_time":"2023-06-12T09:09:27+00:00","og_image":[{"url":"https:\/\/cvne.com\/wp-content\/uploads\/2021\/11\/FEDER-2014-2020.png","type":"","width":"","height":""}],"twitter_card":"summary_large_image","twitter_misc":{"Est. reading time":"3 minutes"},"schema":{"@context":"https:\/\/schema.org","@graph":[{"@type":"WebPage","@id":"https:\/\/cvne.com\/en\/environmental-and-food-safety-policy\/","url":"https:\/\/cvne.com\/en\/environmental-and-food-safety-policy\/","name":"Environment and food policy | CVNE","isPartOf":{"@id":"https:\/\/cvne.com\/en\/#website"},"primaryImageOfPage":{"@id":"https:\/\/cvne.com\/en\/environmental-and-food-safety-policy\/#primaryimage"},"image":{"@id":"https:\/\/cvne.com\/en\/environmental-and-food-safety-policy\/#primaryimage"},"thumbnailUrl":"https:\/\/cvne.com\/wp-content\/uploads\/2021\/11\/FEDER-2014-2020.png","datePublished":"2021-02-09T18:39:10+00:00","dateModified":"2023-06-12T09:09:27+00:00","description":"Environmental and food policy","breadcrumb":{"@id":"https:\/\/cvne.com\/en\/environmental-and-food-safety-policy\/#breadcrumb"},"inLanguage":"en-US","potentialAction":[{"@type":"ReadAction","target":["https:\/\/cvne.com\/en\/environmental-and-food-safety-policy\/"]}]},{"@type":"ImageObject","inLanguage":"en-US","@id":"https:\/\/cvne.com\/en\/environmental-and-food-safety-policy\/#primaryimage","url":"https:\/\/cvne.com\/wp-content\/uploads\/2021\/11\/FEDER-2014-2020.png","contentUrl":"https:\/\/cvne.com\/wp-content\/uploads\/2021\/11\/FEDER-2014-2020.png"},{"@type":"BreadcrumbList","@id":"https:\/\/cvne.com\/en\/environmental-and-food-safety-policy\/#breadcrumb","itemListElement":[{"@type":"ListItem","position":1,"name":"Home","item":"https:\/\/cvne.com\/en\/"},{"@type":"ListItem","position":2,"name":"Social, Environmental and Food Safety Policy"}]},{"@type":"WebSite","@id":"https:\/\/cvne.com\/en\/#website","url":"https:\/\/cvne.com\/en\/","name":"CVNE","description":"","potentialAction":[{"@type":"SearchAction","target":{"@type":"EntryPoint","urlTemplate":"https:\/\/cvne.com\/en\/?s={search_term_string}"},"query-input":{"@type":"PropertyValueSpecification","valueRequired":true,"valueName":"search_term_string"}}],"inLanguage":"en-US"}]}},"_links":{"self":[{"href":"https:\/\/cvne.com\/en\/wp-json\/wp\/v2\/pages\/2882","targetHints":{"allow":["GET"]}}],"collection":[{"href":"https:\/\/cvne.com\/en\/wp-json\/wp\/v2\/pages"}],"about":[{"href":"https:\/\/cvne.com\/en\/wp-json\/wp\/v2\/types\/page"}],"author":[{"embeddable":true,"href":"https:\/\/cvne.com\/en\/wp-json\/wp\/v2\/users\/1"}],"replies":[{"embeddable":true,"href":"https:\/\/cvne.com\/en\/wp-json\/wp\/v2\/comments?post=2882"}],"version-history":[{"count":8,"href":"https:\/\/cvne.com\/en\/wp-json\/wp\/v2\/pages\/2882\/revisions"}],"predecessor-version":[{"id":8578,"href":"https:\/\/cvne.com\/en\/wp-json\/wp\/v2\/pages\/2882\/revisions\/8578"}],"wp:attachment":[{"href":"https:\/\/cvne.com\/en\/wp-json\/wp\/v2\/media?parent=2882"}],"curies":[{"name":"wp","href":"https:\/\/api.w.org\/{rel}","templated":true}]}}